{"id":861,"date":"2024-02-10T08:47:09","date_gmt":"2024-02-10T06:47:09","guid":{"rendered":"https:\/\/eestirootslane.ee\/estlandssvenskarnas-sang-och-dansfest\/sang-och-dansfests-kollektiv\/"},"modified":"2024-06-18T20:16:11","modified_gmt":"2024-06-18T17:16:11","slug":"sang-och-dansfests-kollektiv","status":"publish","type":"page","link":"https:\/\/eestirootslane.ee\/sv\/program\/sang-och-dansfests-kollektiv\/","title":{"rendered":"Deltagare"},"content":{"rendered":"\n<p><\/p>\n\n\n\n<p><\/p>\n\n\n\n<p><\/p>\n\n\n\n<p>Deltagarna i Estlandssvenskarnas V s\u00e5ng- och dansfest: 42 folkgrupper, 21 k\u00f6rer, 5 musikgrupper och enskilda s\u00e5ngare (s\u00e5ngare utanf\u00f6r k\u00f6rer) fr\u00e5n Estland, Sverige och Finland. Totalt ca 1100 folkdansare, k\u00f6rs\u00e5ngare och musiker.<\/p>\n\n\n\n<p><\/p>\n","protected":false},"excerpt":{"rendered":"<p>Deltagarna i Estlandssvenskarnas V s\u00e5ng- och dansfest: 42 folkgrupper, 21 k\u00f6rer, 5 musikgrupper och enskilda s\u00e5ngare (s\u00e5ngare utanf\u00f6r k\u00f6rer) fr\u00e5n Estland, Sverige och Finland. Totalt ca<span class=\"excerpt-hellip\"> [\u2026]<\/span><\/p>\n","protected":false},"author":1,"featured_media":0,"parent":1003,"menu_order":1,"comment_status":"closed","ping_status":"closed","template":"","meta":{"footnotes":""},"class_list":["post-861","page","type-page","status-publish","hentry"],"_links":{"self":[{"href":"https:\/\/eestirootslane.ee\/sv\/wp-json\/wp\/v2\/pages\/861","targetHints":{"allow":["GET"]}}],"collection":[{"href":"https:\/\/eestirootslane.ee\/sv\/wp-json\/wp\/v2\/pages"}],"about":[{"href":"https:\/\/eestirootslane.ee\/sv\/wp-json\/wp\/v2\/types\/page"}],"author":[{"embeddable":true,"href":"https:\/\/eestirootslane.ee\/sv\/wp-json\/wp\/v2\/users\/1"}],"replies":[{"embeddable":true,"href":"https:\/\/eestirootslane.ee\/sv\/wp-json\/wp\/v2\/comments?post=861"}],"version-history":[{"count":5,"href":"https:\/\/eestirootslane.ee\/sv\/wp-json\/wp\/v2\/pages\/861\/revisions"}],"predecessor-version":[{"id":1041,"href":"https:\/\/eestirootslane.ee\/sv\/wp-json\/wp\/v2\/pages\/861\/revisions\/1041"}],"up":[{"embeddable":true,"href":"https:\/\/eestirootslane.ee\/sv\/wp-json\/wp\/v2\/pages\/1003"}],"wp:attachment":[{"href":"https:\/\/eestirootslane.ee\/sv\/wp-json\/wp\/v2\/media?parent=861"}],"curies":[{"name":"wp","href":"https:\/\/api.w.org\/{rel}","templated":true}]}}